{"id":28,"date":"2021-03-26T16:52:00","date_gmt":"2021-03-26T15:52:00","guid":{"rendered":"https:\/\/testderecrutement.com\/blog\/?page_id=28"},"modified":"2021-05-04T10:19:09","modified_gmt":"2021-05-04T08:19:09","slug":"conditions-generales-de-vente-et-dutilisation","status":"publish","type":"page","link":"https:\/\/testderecrutement.com\/blog\/conditions-generales-de-vente-et-dutilisation\/","title":{"rendered":"Conditions G\u00e9n\u00e9rales de Vente et d&rsquo;Utilisation"},"content":{"rendered":"<h2>1. A propos de nous<\/h2>\n<p>La Soci\u00e9t\u00e9 DAHU FR (ci-apr\u00e8s la \u00a0\u00bb Soci\u00e9t\u00e9 \u201d) est une SARL au capital social de 7622,45\u20ac, dont le si\u00e8ge social est au 335 rue Charles Cabaud- 73290 MOTTE SERVOLEX et immatricul\u00e9e au Registre du commerce et des soci\u00e9t\u00e9s de chamb\u00e9ry sous le num\u00e9ro B 420369084 . La Soci\u00e9t\u00e9 propose les services suivants : TestDeRecrutement.com et Test-rh.net<\/p>\n<ul>\n<li><strong>H\u00e9bergeur<\/strong> : OVH \u2013 2 rue Kellermann \u2013 59100 Roubaix \u2013 France<\/li>\n<li><strong>Contact\u00a0<\/strong>:\u00a0 Courriel : webmaster[arobase]testderecrutement[point]com<\/li>\n<\/ul>\n<h2>2. Pr\u00e9ambule<\/h2>\n<p>La Soci\u00e9t\u00e9 invite ses Utilisateurs \u00e0 lire attentivement les pr\u00e9sentes Conditions G\u00e9n\u00e9rales de Vente et d\u2019Utilisation (ci-apr\u00e8s les \u00a0\u00bb CGV\/CGU \u00ab\u00a0). Les CGV\/CGU s&rsquo;appliquent \u00e0 tous les Services fournis par la Soci\u00e9t\u00e9 \u00e0 ses Clients d&rsquo;une m\u00eame cat\u00e9gorie, quelles que soient les clauses pouvant \u00eatre inscrites sur les documents du Client et notamment ses conditions g\u00e9n\u00e9rales d&rsquo;achat.<br \/>\nLes CGV\/CGU sont syst\u00e9matiquement communiqu\u00e9es au Client qui en fait la demande.<br \/>\nLe Client est tenu de prendre connaissance des CGV\/CGU avant toute passation de Commande.<br \/>\nEn cas de modification ult\u00e9rieure des CGV\/CGU, le Client est soumis \u00e0 la version en vigueur lors de sa Commande.<br \/>\nLes donn\u00e9es enregistr\u00e9es dans le syst\u00e8me informatique de la Soci\u00e9t\u00e9 constituent la preuve des transactions conclues avec le Client.<\/p>\n<p>&nbsp;<\/p>\n<h2>3. D\u00e9finitions<\/h2>\n<p>\u00ab\u00a0Client \u00a0\u00bb d\u00e9signe toute personne physique ou morale qui passe une Commande sur le pr\u00e9sent Site Internet ;<br \/>\n\u00ab\u00a0Commande\u00a0\u00bb d\u00e9signe toute commande pass\u00e9e par l\u2019Utilisateur inscrit sur le pr\u00e9sent Site, en vue de b\u00e9n\u00e9ficier des Services de la Soci\u00e9t\u00e9 ;<br \/>\n\u00ab\u00a0Conditions G\u00e9n\u00e9rales de Vente et d&rsquo;Utilisation\u00a0\u00bb ou \u00ab\u00a0CGV\/CGU\u00a0\u00bb d\u00e9signent les pr\u00e9sentes conditions g\u00e9n\u00e9rales de vente et d&rsquo;utilisation en ligne ;<br \/>\n\u00ab\u00a0Consommateur\u00a0\u00bb d\u00e9signe l&rsquo;acheteur personne physique qui n&rsquo;agit pas pour des besoins professionnels et\/ ou hors de son activit\u00e9 professionnelle ;<br \/>\n\u00ab\u00a0Professionnel\u00a0\u00bb d\u00e9signe l&rsquo;acheteur personne morale ou physique qui agit dans le cadre de son activit\u00e9 professionnelle ;<br \/>\n\u00ab\u00a0Services \u00a0\u00bb d\u00e9signe toutes les prestations de service propos\u00e9es aux Utilisateurs par la Soci\u00e9t\u00e9 \u00e0 travers le pr\u00e9sent Site ;<br \/>\n\u00ab\u00a0Site\u00a0\u00bb d\u00e9signe le pr\u00e9sent Site, c\u2019est-\u00e0-dire www.testderecrutement.com;<br \/>\n\u00ab\u00a0Soci\u00e9t\u00e9\u00a0\u00bb d\u00e9signe la Soci\u00e9t\u00e9 DAHU FR, plus amplement d\u00e9sign\u00e9e \u00e0 l&rsquo;article I des pr\u00e9sentes ; et<br \/>\n\u00ab\u00a0Utilisateur \u00a0\u00bb d\u00e9signe toute personne qui fait utilisation du Site.<\/p>\n<p>&nbsp;<\/p>\n<h2>4. Description des services<\/h2>\n<p>Le Site TestDeRecrutement permet notamment aux Utilisateurs :<br \/>\n&#8211; d&rsquo;acheter des codes de passation anonymes.<br \/>\n&#8211; de faire passer des tests de personnalit\u00e9 \u00e0 des personnes et d&rsquo;en obtenir les r\u00e9sultats en leur donnant un code de passation.<br \/>\n&#8211; d&rsquo;annoter, regrouper, analyser les r\u00e9sultats de ces passations en toute libert\u00e9 d\u2019interpr\u00e9tation et sous leur enti\u00e8re responsabilit\u00e9.<\/p>\n<p>&nbsp;<\/p>\n<h2>5. Inscription<\/h2>\n<p>L\u2019Entreprise peut s\u2019inscrire en ligne et ainsi devenir membre du Site et profiter des Services gratuits. L\u2019Entreprise doit remplir l&rsquo;int\u00e9gralit\u00e9 des champs obligatoires du formulaire qui lui est soumis en vue de l\u2019inscription. L\u2019Entreprise est par ailleurs invit\u00e9e \u00e0 remplir les champs facultatifs de ce formulaire.<br \/>\nElle doit remplir le formulaire de mani\u00e8re compl\u00e8te, pr\u00e9cise et loyale.<br \/>\nL\u2019Entreprise garantit la v\u00e9racit\u00e9 et le caract\u00e8re actuel des informations qu&rsquo;elle communique.<br \/>\nL\u2019Entreprise doit spontan\u00e9ment et imm\u00e9diatement r\u00e9actualiser en ligne les donn\u00e9es de son Compte personnel.<br \/>\nL&rsquo;adresse email indiqu\u00e9e par l&rsquo;entreprise sert aux notifications des services.<\/p>\n<p>&nbsp;<\/p>\n<h2>6. Prestation de service et prix<\/h2>\n<p>Les Services faisant l\u2019objet des CGV\/CGU sont ceux qui figurent sur le Site et qui sont propos\u00e9s directement par la Soci\u00e9t\u00e9 ou ses prestataires partenaires.<br \/>\nLes services sont d\u00e9crits sur la page correspondante au sein du Site et mention est faite de toutes leurs caract\u00e9ristiques essentielles. La Soci\u00e9t\u00e9 ne peut \u00eatre tenue responsable de l\u2019impossibilit\u00e9 de r\u00e9aliser ladite prestation lorsque l\u2019Utilisateur n\u2019est pas \u00e9ligible.<br \/>\nLorsqu\u2019un Utilisateur souhaite obtenir une prestation de service vendue par la Soci\u00e9t\u00e9 \u00e0 travers le Site, le prix indiqu\u00e9 sur la page de la prestation correspond au prix en euros toutes taxes comprise (TTC) et tient compte des r\u00e9ductions applicables et en vigueur le jour de la Commande. Le prix indiqu\u00e9 n\u2019inclut pas les frais accessoires qui seront indiqu\u00e9s le cas \u00e9ch\u00e9ant dans le r\u00e9capitulatif avant de passer commande.<br \/>\nLa Soci\u00e9t\u00e9 se r\u00e9serve la possibilit\u00e9 de modifier \u00e0 tout moment ses tarifs. Elle s&rsquo;engage \u00e0 facturer les prestations au tarif applicable au moment de leur Commande. Pour les prestations dont le prix ne peut \u00eatre connu a priori ni indiqu\u00e9 avec certitude, un devis d\u00e9taill\u00e9 sera transmis au Client.<br \/>\nEn aucun cas un Utilisateur ne pourra exiger l\u2019application de r\u00e9ductions n\u2019\u00e9tant plus en vigueur le jour de la Commande.<\/p>\n<p>&nbsp;<\/p>\n<h2>7. R\u00e9alisation des prestations<\/h2>\n<p>La prestation de services command\u00e9e sur le Site sera assur\u00e9e par :<\/p>\n<p>&#8211; La Soci\u00e9t\u00e9.<br \/>\nLa Soci\u00e9t\u00e9 s&rsquo;engage \u00e0 mettre en oeuvre tous les moyens humains et mat\u00e9riels pour r\u00e9aliser la prestation dans les d\u00e9lais annonc\u00e9s lors de la passation de la Commande. Cependant, elle ne peut en aucun cas \u00eatre tenue responsable pour les retards de r\u00e9alisation de prestation occasionn\u00e9s en raison de fautes qui ne lui sont imputables.<br \/>\nSi les prestations n&rsquo;ont pas \u00e9t\u00e9 effectu\u00e9es dans le d\u00e9lai pr\u00e9vu, la r\u00e9solution de la vente pourra \u00eatre demand\u00e9e par le Client dans les conditions pr\u00e9vues aux articles L138-2 et L138-3 du Code de la consommation. Les sommes vers\u00e9es par le Client lui seront restitu\u00e9es au plus tard dans les quatorze jours qui suivent la date de d\u00e9nonciation du contrat.<br \/>\nCette disposition ne s&rsquo;applique pas quand le retard de la Soci\u00e9t\u00e9 est d\u00fb \u00e0 une faute du Client ou \u00e0 un cas de force majeure, c&rsquo;est \u00e0 dire \u00e0 la survenance d&rsquo;un \u00e9v\u00e8nement impr\u00e9visible, irresistible et ind\u00e9pendant de la volont\u00e9 de la Soci\u00e9t\u00e9.<br \/>\nDans le cas o\u00f9 l&rsquo;ex\u00e9cution d&rsquo;une prestation physique n&rsquo;aurait pas pu \u00eatre effectu\u00e9e ou aurait \u00e9t\u00e9 report\u00e9e du fait d&rsquo;une erreur sur l&rsquo;adresse indiqu\u00e9e par le Client, les frais de d\u00e9placement du prestaire mandat\u00e9 par la Soci\u00e9t\u00e9 pour r\u00e9aliser la prestation infructueuse seront \u00e0 la charge du Client.<\/p>\n<p>&nbsp;<\/p>\n<h2>8. R\u00e9clamation<\/h2>\n<p>Pour toutes les Commandes r\u00e9alis\u00e9es sur le pr\u00e9sent Site, le Client dispose d\u2019un droit de r\u00e9clamation de 14 jours \u00e0 compter de la fourniture du Service.<br \/>\nPour exercer ce droit de r\u00e9clamation, le Client doit faire parvenir \u00e0 la Soci\u00e9t\u00e9, \u00e0 l&rsquo;adresse webmaster@testderecrutement.com, une d\u00e9claration dans laquelle il exprime ses r\u00e9serves et r\u00e9clamations, assorties des justificatifs y aff\u00e9rents.<br \/>\nUne r\u00e9clamation ne respectant pas les conditions d\u00e9crites ci-dessus ne pourra \u00eatre accept\u00e9e.<br \/>\nApr\u00e8s examen de la r\u00e9clamation, le Site pourra le cas \u00e9ch\u00e9ant remplacer ou rembourser la prestation de Services dans les plus brefs d\u00e9lais et \u00e0 ses frais.<\/p>\n<p>&nbsp;<\/p>\n<h2>9. Droit de r\u00e9tractation du Consommateur<\/h2>\n<p>Le Consommateur dispose d\u2019un droit de r\u00e9tractation de 14 \u00e0 compter de la passation de la Commande, sauf pour les produits mentionn\u00e9s \u00e0 l&rsquo;article L121-21-8 du Code de la consommation tel que reproduit ci-dessous :<\/p>\n<p>\u00a0\u00bb Le droit de r\u00e9tractation ne peut \u00eatre exerc\u00e9 pour les contrats :<br \/>\n1\u00b0 De fourniture de services pleinement ex\u00e9cut\u00e9s avant la fin du d\u00e9lai de r\u00e9tractation et dont l&rsquo;ex\u00e9cution a commenc\u00e9 apr\u00e8s accord pr\u00e9alable expr\u00e8s du consommateur et renoncement expr\u00e8s \u00e0 son droit de r\u00e9tractation ;<br \/>\n2\u00b0 De fourniture de biens ou de services dont le prix d\u00e9pend de fluctuations sur le march\u00e9 financier \u00e9chappant au contr\u00f4le du professionnel et susceptibles de se produire pendant le d\u00e9lai de r\u00e9tractation ;<br \/>\n3\u00b0 De fourniture de biens confectionn\u00e9s selon les sp\u00e9cifications du consommateur ou nettement personnalis\u00e9s ;<br \/>\n4\u00b0 De fourniture de biens susceptibles de se d\u00e9t\u00e9riorer ou de se p\u00e9rimer rapidement ;<br \/>\n5\u00b0 De fourniture de biens qui ont \u00e9t\u00e9 descell\u00e9s par le consommateur apr\u00e8s la livraison et qui ne peuvent \u00eatre renvoy\u00e9s pour des raisons d&rsquo;hygi\u00e8ne ou de protection de la sant\u00e9 ;<br \/>\n6\u00b0 De fourniture de biens qui, apr\u00e8s avoir \u00e9t\u00e9 livr\u00e9s et de par leur nature, sont m\u00e9lang\u00e9s de mani\u00e8re indissociable avec d&rsquo;autres articles ;<br \/>\n7\u00b0 De fourniture de boissons alcoolis\u00e9es dont la livraison est diff\u00e9r\u00e9e au-del\u00e0 de trente jours et dont la valeur convenue \u00e0 la conclusion du contrat d\u00e9pend de fluctuations sur le march\u00e9 \u00e9chappant au contr\u00f4le du professionnel ;<br \/>\n8\u00b0 De travaux d&rsquo;entretien ou de r\u00e9paration \u00e0 r\u00e9aliser en urgence au domicile du consommateur et express\u00e9ment sollicit\u00e9s par lui, dans la limite des pi\u00e8ces de rechange et travaux strictement n\u00e9cessaires pour r\u00e9pondre \u00e0 l&rsquo;urgence ;<br \/>\n9\u00b0 De fourniture d&rsquo;enregistrements audio ou vid\u00e9o ou de logiciels informatiques lorsqu&rsquo;ils ont \u00e9t\u00e9 descell\u00e9s par le consommateur apr\u00e8s la livraison ;<br \/>\n10\u00b0 De fourniture d&rsquo;un journal, d&rsquo;un p\u00e9riodique ou d&rsquo;un magazine, sauf pour les contrats d&rsquo;abonnement \u00e0 ces publications ;<br \/>\n11\u00b0 Conclus lors d&rsquo;une ench\u00e8re publique ;<br \/>\n12\u00b0 De prestations de services d&rsquo;h\u00e9bergement, autres que d&rsquo;h\u00e9bergement r\u00e9sidentiel, de services de transport de biens, de locations de voitures, de restauration ou d&rsquo;activit\u00e9s de loisirs qui doivent \u00eatre fournis \u00e0 une date ou \u00e0 une p\u00e9riode d\u00e9termin\u00e9e ;<br \/>\n13\u00b0 De fourniture d&rsquo;un contenu num\u00e9rique non fourni sur un support mat\u00e9riel dont l&rsquo;ex\u00e9cution a commenc\u00e9 apr\u00e8s accord pr\u00e9alable expr\u00e8s du consommateur et renoncement expr\u00e8s \u00e0 son droit de r\u00e9tractation. \u00a0\u00bb<\/p>\n<p>Pour exercer ce droit de r\u00e9tractation, le Consommateur envoie une d\u00e9claration de r\u00e9tractation \u00e0 l&rsquo;adresse 335 rue charles cabaud &#8211; 73290 MOTTE SERVOLEX. Il sera rembours\u00e9 de la totalit\u00e9 des frais vers\u00e9s pour la prestation de services dans les 14 jours suivant la prise de connaissance par la Soci\u00e9t\u00e9 de sa d\u00e9claration de r\u00e9tractation. Le remboursement sera fait par le m\u00eame moyen de paiement que celui utilis\u00e9 \u00e0 l&rsquo;achat. Cependant, si la prestation de services est d\u00e9j\u00e0 entam\u00e9e \u00e0 la date de la prise de connaissance de la r\u00e9tractation par la Soci\u00e9t\u00e9, la valeur correspondant \u00e0 la prestation de service d\u00e9j\u00e0 effectu\u00e9e sera d\u00e9duite du remboursement. Ce dernier sera op\u00e9r\u00e9 par le m\u00eame moyen de paiement que pour l\u2019achat.<\/p>\n<p>&nbsp;<\/p>\n<h2>10. Traitement des donn\u00e9es personnelles et Cookies<\/h2>\n<p>Conform\u00e9ment \u00e0 la loi Informatique et Libert\u00e9s du 6 janvier 1978, le Client dispose, \u00e0 tout moment, d&rsquo;un droit d&rsquo;acc\u00e8s, de rectification, et d&rsquo;opposition \u00e0 l&rsquo;ensemble de ses donn\u00e9es personnelles en \u00e9crivant, par courrier et en justifiant de son identit\u00e9, \u00e0 l&rsquo;adresse suivante : webmaster@testderecrutement.com. Faute de donn\u00e9es nominatives, la r\u00e9f\u00e9rence de la fiche et une motivation de la demande sont n\u00e9cessaires au traitement de sa Commande.<\/p>\n<p>Les donn\u00e9es de l&rsquo;Utilisateur ne peuvent pas \u00eatre communiqu\u00e9es aux partenaires de la Soci\u00e9t\u00e9 en charge de l&rsquo;ex\u00e9cution et de la gestion des Commandes et ne donneront donc pas lieu \u00e0 des offres commerciales de ces derniers.<\/p>\n<p>Pour permettre \u00e0 ses Utilisateurs de b\u00e9n\u00e9ficier d\u2019une navigation optimale sur le Site et d\u2019un meilleur fonctionnement des diff\u00e9rentes interfaces et applications, la Soci\u00e9t\u00e9 est susceptible d\u2019implanter un cookie sur l\u2019ordinateur de l\u2019Utilisateur. Ce cookie permet de stocker des informations relatives \u00e0 la navigation sur le Site, ainsi qu\u2019aux \u00e9ventuelles donn\u00e9es saisies par les Utilisateurs (notamment recherches, login, email, mot de passe).<br \/>\nL\u2019Utilisateur autorise express\u00e9ment la Soci\u00e9t\u00e9 \u00e0 d\u00e9poser sur le disque dur de l\u2019utilisateur un fichier dit\u00ab cookie \u00bb.<br \/>\nL\u2019Utilisateur dispose de la possibilit\u00e9 de bloquer, modifier la dur\u00e9e de conservation, ou supprimer ce cookie via l\u2019interface de son navigateur. Si la d\u00e9sactivation syst\u00e9matique des cookies sur le navigateur de l\u2019Utilisateur l\u2019emp\u00eache d\u2019utiliser certains services ou fonctionnalit\u00e9s du Site, ce dysfonctionnement ne saurait en aucun cas constituer un dommage pour le membre qui ne pourra pr\u00e9tendre \u00e0 aucune indemnit\u00e9 de ce fait.<\/p>\n<p>La soci\u00e9t\u00e9 DAHU stocke mais ne peut pas acc\u00e9der aux donn\u00e9es personnelles associ\u00e9es aux tests de personnalit\u00e9 ajout\u00e9es par l&rsquo;utilisateur.<br \/>\nLes donn\u00e9es personnelles sont celles ajout\u00e9es, \u00e9ventuellement, par l&rsquo;utilisateur et sont crypt\u00e9es dans nos bases de donn\u00e9es.<br \/>\nSeul l&rsquo;utilisateur, et uniquement lui, est en mesure de faire un lien entre le test de personnalit\u00e9 et l&rsquo;identit\u00e9 de la personne qui l&rsquo;a fait.<br \/>\nCe lien rend l&rsquo;utilisateur pleinement responsable de l&rsquo;utilisation de cette donn\u00e9e.<\/p>\n<p>Les personnes test\u00e9es peuvent \u00e0 tout moment demander l&rsquo;effacement des r\u00e9sultats de leur test en indiquant leur code de passation sur la plateforme de passation test-rh.net sans que l&rsquo;utilisateur puisse s&rsquo;y opposer.<\/p>\n<p>&nbsp;<\/p>\n<h2>11. Modifications<\/h2>\n<p>La Soci\u00e9t\u00e9 se r\u00e9serve le droit de modifier le Site, les services qui y sont propos\u00e9s, les CGV\/CGU ainsi que toute proc\u00e9dure de livraison ou autre \u00e9l\u00e9ment constitutif des prestations r\u00e9alis\u00e9es par la Soci\u00e9t\u00e9 par le biais du Site.<br \/>\nLorsqu&rsquo;il passe une Commande, l&rsquo;Utilisateur est soumis aux stipulations \u00e9nonc\u00e9es par les CGV\/CGU en vigueur lors de la passation de la Commande.<\/p>\n<p>&nbsp;<\/p>\n<h2>12. Responsabilit\u00e9<\/h2>\n<p>La Soci\u00e9t\u00e9 ne peut en aucun cas \u00eatre tenue responsable pour l\u2019indisponibilit\u00e9, qu\u2019elle soit temporaire ou permanente du Site Internet et, bien qu\u2019elle mette en \u0153uvre tous les moyens afin d\u2019assurer en permanence le service, il se peut que celui-ci soit interrompu \u00e0 tout moment. En outre, la Soci\u00e9t\u00e9 se r\u00e9serve le droit, par un acte volontaire, de rendre le Site indisponible afin de r\u00e9aliser toute op\u00e9ration de mise \u00e0 jour, d\u2019am\u00e9lioration ou de maintenance.<br \/>\nTel que mentionn\u00e9 auparavant dans les pr\u00e9sentes, la Soci\u00e9t\u00e9 ne peut en aucun cas \u00eatre tenue responsable des retards de r\u00e9alisation d\u2019une prestation de service pour des motifs qui \u00e9chappent \u00e0 son contr\u00f4le, ind\u00e9pendants de sa volont\u00e9, impr\u00e9visibles et irr\u00e9sistibles ou dont la faute ne peut lui \u00eatre imputable.<\/p>\n<p>&nbsp;<\/p>\n<h2>13. Propri\u00e9t\u00e9 intellectuelle<\/h2>\n<p>La marque, le logo, et la charte graphique du pr\u00e9sent Site sont des marques et des oeuvres prot\u00e9g\u00e9es au titre de la propri\u00e9t\u00e9 intellectuelle, dont la propri\u00e9t\u00e9 revient exclusivement \u00e0 la Soci\u00e9t\u00e9. Toute diffusion, exploitation, repr\u00e9sentation, reproduction, qu\u2019elle soit partielle ou int\u00e9grale sans l\u2019autorisation expresse de ladite soci\u00e9t\u00e9 exposera le contrevenant \u00e0 des poursuites civiles et p\u00e9nales.<\/p>\n<p>Les Utilisateurs sont autoris\u00e9s \u00e0 faire des copies sur papier des pages du Site exclusivement pour une utilisation strictement priv\u00e9e et non commerciale. Toute autre reproduction est interdite.<\/p>\n<p>Conform\u00e9ment aux articles L.342-1 et suivants du Code de la propri\u00e9t\u00e9 intellectuelle , il est fait interdiction aux Utilisateurs d&rsquo;extraire par transfert permanent ou temporaire la totalit\u00e9 ou une partie qualitativement ou quantitativement substantielle du contenu des Profils et des Offres accessibles sur le Site sur un autre support, par tout moyen et sous toute forme que ce soit ; de r\u00e9utiliser la totalit\u00e9 ou une partie qualitativement ou quantitativement substantielle du contenu des Profils et des Offres par la mise \u00e0 disposition du public ; d&rsquo;extraire ou de r\u00e9utiliser \u00e0 r\u00e9p\u00e9tition ou de mani\u00e8re syst\u00e9matique des parties qualitativement ou quantitativement non substantielles du contenu des Profils et des Offres lorsque ces op\u00e9rations exc\u00e8dent manifestement les conditions d&rsquo;utilisation normales du Site ; d&rsquo;exploiter commercialement aupr\u00e8s de tiers les droits d&rsquo;acc\u00e8s ou de publications d&rsquo;Offres, les Offres elles-m\u00eames.<\/p>\n<p>La Soci\u00e9t\u00e9 DAHU d\u00e9tient l&rsquo;int\u00e9gralit\u00e9 des droits de propri\u00e9t\u00e9 intellectuelle relatifs au contenu du Site et du test de personnalit\u00e9 propos\u00e9 aux Candidats. Toute utilisation de quelque nature que ce soit et\/ou toute reproduction de tout ou partie d&rsquo;un \u00e9l\u00e9ment du Site constituerait une contrefa\u00e7on et serait susceptible de poursuites judiciaires.<\/p>\n<p>&nbsp;<\/p>\n<h2>14. Clause attributive de comp\u00e9tence<\/h2>\n<p>Le droit r\u00e9gissant les CGV\/CGU est le droit fran\u00e7ais. Tout litige pouvant survenir entre la Soci\u00e9t\u00e9 et un Utilisateur lors de l\u2019ex\u00e9cution des pr\u00e9sentes fera l\u2019objet d\u2019une tentative de r\u00e9solution \u00e0 l\u2019amiable. A d\u00e9faut, les litiges seront port\u00e9s \u00e0 la connaissance des tribunaux comp\u00e9tents de droit commun.<br \/>\nLe Client est inform\u00e9 qu&rsquo;il peut recourir \u00e0 une m\u00e9diation conventionnelle, aupr\u00e8s de la Commission de la m\u00e9diation de la Consommation pr\u00e9vue \u00e0 l&rsquo;article L534-7 du Code de la consommation ou aupr\u00e8s des instances de m\u00e9diation sectorielles existantes. Il peut \u00e9galement recourir \u00e0 tout mode alternatif de r\u00e8glement des diff\u00e9rends en cas de litige.<\/p>\n<p>&nbsp;<\/p>\n<h2>15. Information pr\u00e9contractuelle<\/h2>\n<p>Pr\u00e9alablement \u00e0 sa Commande, le Client reconnait avoir eu communication, de fa\u00e7on lisible et compr\u00e9hensible, des CGV\/CGU et des informations et renseignements pr\u00e9vus aux articles L111-1 \u00e0 L111-7 du Code de la consommation, et notamment :<br \/>\n&#8211; les caract\u00e9ristiques essentielles des Services ;<br \/>\n&#8211; le prix des Services ;<br \/>\n&#8211; la date ou le d\u00e9lai auquel la Soci\u00e9t\u00e9 s&rsquo;engage \u00e0 fournir le Service ;<br \/>\n&#8211; les informations relatives \u00e0 l&rsquo;identit\u00e9 de la Soci\u00e9t\u00e9 (coordonn\u00e9es postales, t\u00e9l\u00e9phoniques, \u00e9lectroniques) ;<br \/>\n&#8211; les informations relatives aux garanties l\u00e9gales et contractuelles et \u00e0 leurs modalit\u00e9s de mise en oeuvre ;<br \/>\n&#8211; la possibilit\u00e9 de recourir \u00e0 une m\u00e9diation conventionnelle en cas de litige ;<br \/>\n&#8211; les informations relatives au droit de r\u00e9tractation (d\u00e9lai, modalit\u00e9s d&rsquo;exercice).<\/p>\n<p>La passation d&rsquo;une Commande sur le Site emporte adh\u00e9sion et acceptation des CGV\/CGU. Le Client ne pourra se pr\u00e9valoir d&rsquo;un document contradictoire.<\/p>\n","protected":false},"excerpt":{"rendered":"<p>1. A propos de nous La Soci\u00e9t\u00e9 DAHU FR (ci-apr\u00e8s la \u00a0\u00bb Soci\u00e9t\u00e9 \u201d) est une SARL au capital social de 7622,45\u20ac, dont le si\u00e8ge social est au 335 rue Charles Cabaud- 73290 MOTTE SERVOLEX et immatricul\u00e9e au Registre du commerce et des soci\u00e9t\u00e9s de chamb\u00e9ry sous le num\u00e9ro B 420369084 . La Soci\u00e9t\u00e9 propose [&hellip;]<\/p>\n","protected":false},"author":1,"featured_media":0,"parent":0,"menu_order":0,"comment_status":"closed","ping_status":"closed","template":"","meta":[],"_links":{"self":[{"href":"https:\/\/testderecrutement.com\/blog\/wp-json\/wp\/v2\/pages\/28"}],"collection":[{"href":"https:\/\/testderecrutement.com\/blog\/wp-json\/wp\/v2\/pages"}],"about":[{"href":"https:\/\/testderecrutement.com\/blog\/wp-json\/wp\/v2\/types\/page"}],"author":[{"embeddable":true,"href":"https:\/\/testderecrutement.com\/blog\/wp-json\/wp\/v2\/users\/1"}],"replies":[{"embeddable":true,"href":"https:\/\/testderecrutement.com\/blog\/wp-json\/wp\/v2\/comments?post=28"}],"version-history":[{"count":7,"href":"https:\/\/testderecrutement.com\/blog\/wp-json\/wp\/v2\/pages\/28\/revisions"}],"predecessor-version":[{"id":40,"href":"https:\/\/testderecrutement.com\/blog\/wp-json\/wp\/v2\/pages\/28\/revisions\/40"}],"wp:attachment":[{"href":"https:\/\/testderecrutement.com\/blog\/wp-json\/wp\/v2\/media?parent=28"}],"curies":[{"name":"wp","href":"https:\/\/api.w.org\/{rel}","templated":true}]}}